{"id":3328,"date":"2016-04-27T17:26:14","date_gmt":"2016-04-27T15:26:14","guid":{"rendered":"http:\/\/jubhome.eu\/?page_id=3328\/"},"modified":"2019-06-19T10:41:52","modified_gmt":"2019-06-19T08:41:52","slug":"beschreibung","status":"publish","type":"page","link":"\/de\/systeme\/jubhome-base\/beschreibung\/","title":{"rendered":"Beschreibung"},"content":{"rendered":"<h1><span style=\"font-size: 14pt;\"><strong>JUBHome <span style=\"color: #ff0000;\">BASE<\/span> W\u00e4rmeisolation der Fundamentplatte<\/strong><\/span><\/h1>\n<p>Das W\u00e4rmeisolationssystem der Fundamentplatte JUBHome BASE, stellt in jedem Energiestandard,\u00a0 eine sichere L\u00f6sung f\u00fcr die Fundamentierung von Geb\u00e4uden mit niedriger Etagenanzahl, dar.<\/p>\n<p>JUBHome BASE ist nach Ma\u00df hergestellte W\u00e4rmed\u00e4mmwanne aus Peripor\u00ae, einer besonderen EPS Sorte, deren Eigenschaft\u00a0 hohe Druckfestigkeit und niedrige Wasserabsorption ist, auf die wir energiesparsame H\u00e4user, bis zu drei Etagen, aufstellen k\u00f6nnen. JUBHome BASE ist auch f\u00fcr die Fundamentierung auf dem Erdbebengebiet und die Fundamentierung auf dem schlechter tragenden Boden,\u00a0 geeignet.<\/p>\n<p>Im Vergleich mit den G\u00fcrtelfundamenten, ist die Herstellung der Isolation der Fundamentierungsplatte mit JUBHome BASE einfacher, schneller und von besserer Qualit\u00e4t den,\u00a0 einfache Herstellungsweise mach die Herstellung einer ununterbrochener W\u00e4rmeisolationsh\u00fclle, in beliebiger St\u00e4rke, auf der Au\u00dfenseite m\u00f6glich. So k\u00f6nnen wir gleichzeitig, die W\u00e4rmeverluste mindern und den perfekten Schutz vor der Bodenfeuchtigkeit und dem Druck des Grundwassers, erlangen.<\/p>\n<p>F\u00fcr die Fundamentierplatte, die\u00a0 im Rasterrahmen an den Bauplan angepasst worden ist wird\u00a0 der Stahlbeton direkt in die W\u00e4rmeisolationswanne eingebaut. Das Verfahren ist schnell und vermeidet M\u00f6glichkeit der Fehlerentstehung.<\/p>\n<p>F\u00fcr die Geb\u00e4ude aus leichten Baumaterialen (Montage-, Holz-, Gasbetonbauten) sind die Bodenelemente JUBHome BASE mit Druckfestigkeit von 300kPa vorgesehen,\u00a0 und f\u00fcr die Geb\u00e4ude aus\u00a0 Ziegelsteinen und Beton die Bodenelemente JUBHome BASE mit Druckfestigkeit von 400 kPa. Die Standardst\u00e4rken der zusammengebauten oberen und unteren Bodenelemente betragen 16, 24 und 30cm. In 2 cm Schritten, k\u00f6nnen alle St\u00e4rken, die sich zwischen der St\u00e4rke 16cm und\u00a0 30cm befinden, extra bestellt und geliefert werden.<\/p>\n<p><strong>Die Standardst\u00e4rke der Betonplatte betr\u00e4gt 25cm. St\u00e4rke der Stahlbetonplatte und die Druckfestigkeit der tragenden W\u00e4rmeisolation JUBHome BASE wird seitens des Projektanten bestimmt.<\/strong><\/p>\n<h3>JUBHome <span style=\"color: #ff0000;\">BASE<\/span><\/h3>\n\n<table id=\"tablepress-36\" class=\"tablepress tablepress-id-36\">\n<thead>\n<tr class=\"row-1 odd\">\n\t<th class=\"column-1\">St\u00e4rken<\/th><th class=\"column-2\">Schichtst\u00e4rken <span>(cm)<\/span><\/th><th class=\"column-3\">Gesammtst\u00e4rke <span>(cm)<\/span><\/th><th class=\"column-4\">\u03bb Peripor<br \/>\n<span>(W\/mK)<\/span><\/th><th class=\"column-5\">U<br \/>\n<span>(W\/m<sup>2<\/sup>K)<\/span><\/th><th class=\"column-6\">Druckfestigkeit <span>(kPa)<\/span><\/th>\n<\/tr>\n<\/thead>\n<tbody class=\"row-hover\">\n<tr class=\"row-2 even\">\n\t<td class=\"column-1\">16 cm<\/td><td class=\"column-2\">8 + 8<\/td><td class=\"column-3\">16<\/td><td class=\"column-4\">0,033<\/td><td class=\"column-5\">0,206<\/td><td class=\"column-6\">300 \/ 400<\/td>\n<\/tr>\n<tr class=\"row-3 odd\">\n\t<td class=\"column-1\">24 cm<\/td><td class=\"column-2\">8 + 16<\/td><td class=\"column-3\">24<\/td><td class=\"column-4\">0,033<\/td><td class=\"column-5\">0,138<\/td><td class=\"column-6\">300 \/ 400<\/td>\n<\/tr>\n<tr class=\"row-4 even\">\n\t<td class=\"column-1\">30 cm<\/td><td class=\"column-2\">8 + 22<\/td><td class=\"column-3\">30<\/td><td class=\"column-4\">0,033<\/td><td class=\"column-5\">0,110<\/td><td class=\"column-6\">300 \/ 400<\/td>\n<\/tr>\n<tr class=\"row-5 odd\">\n\t<td class=\"column-1\">beliebig 16-30, Schritte je 2 cm<\/td><td class=\"column-2\">8 + (8 bis 22)<\/td><td class=\"column-3\">16 - 30<\/td><td class=\"column-4\">0,033<\/td><td class=\"column-5\">0,20 - 0,11<\/td><td class=\"column-6\">300 \/ 400<\/td>\n<\/tr>\n<\/tbody>\n<\/table>\n\n<p><a href=\"\/de\/technische-unterstuetzung\/jubhome-base\/promotionsmaterial\/\" class=\"btn btn-default\">\u00dcbertragen Sie das Promotionsmaterial<\/a><\/p>\n","protected":false},"excerpt":{"rendered":"<p>JUBHome BASE W\u00e4rmeisolation der Fundamentplatte Das W\u00e4rmeisolationssystem der Fundamentplatte JUBHome BASE, stellt in jedem Energiestandard,\u00a0 eine sichere L\u00f6sung f\u00fcr die Fundamentierung von Geb\u00e4uden mit niedriger Etagenanzahl, dar. JUBHome BASE ist nach Ma\u00df hergestellte W\u00e4rmed\u00e4mmwanne aus Peripor\u00ae, einer besonderen EPS Sorte, deren Eigenschaft\u00a0 hohe Druckfestigkeit und niedrige Wasserabsorption ist, auf die wir energiesparsame H\u00e4user, bis zu [&hellip;]<\/p>\n","protected":false},"author":1,"featured_media":1595,"parent":3326,"menu_order":1,"comment_status":"closed","ping_status":"closed","template":"","meta":[],"aioseo_notices":[],"_links":{"self":[{"href":"\/de\/wp-json\/wp\/v2\/pages\/3328"}],"collection":[{"href":"\/de\/wp-json\/wp\/v2\/pages"}],"about":[{"href":"\/de\/wp-json\/wp\/v2\/types\/page"}],"author":[{"embeddable":true,"href":"\/de\/wp-json\/wp\/v2\/users\/1"}],"replies":[{"embeddable":true,"href":"\/de\/wp-json\/wp\/v2\/comments?post=3328"}],"version-history":[{"count":5,"href":"\/de\/wp-json\/wp\/v2\/pages\/3328\/revisions"}],"predecessor-version":[{"id":3835,"href":"\/de\/wp-json\/wp\/v2\/pages\/3328\/revisions\/3835"}],"up":[{"embeddable":true,"href":"\/de\/wp-json\/wp\/v2\/pages\/3326"}],"wp:featuredmedia":[{"embeddable":true,"href":"\/de\/wp-json\/wp\/v2\/media\/1595"}],"wp:attachment":[{"href":"\/de\/wp-json\/wp\/v2\/media?parent=3328"}],"curies":[{"name":"wp","href":"https:\/\/api.w.org\/{rel}","templated":true}]}}